{"id":447,"date":"2022-11-08T14:57:46","date_gmt":"2022-11-08T13:57:46","guid":{"rendered":"https:\/\/www.romenadine.art\/?page_id=447"},"modified":"2024-10-21T13:57:31","modified_gmt":"2024-10-21T11:57:31","slug":"ma-vie-ici","status":"publish","type":"page","link":"https:\/\/www.romenadine.art\/index.php\/ma-vie-ici\/","title":{"rendered":"Ma vie ICI"},"content":{"rendered":"\n<p>Je suis n\u00e9 en normandie le 20 septembre 1953<\/p>\n\n\n\n<p>J&rsquo;ai tr\u00e8s t\u00f4t aim\u00e9 dessiner, surtout les portraits.<\/p>\n\n\n\n<p>J&rsquo;aimais regarder mon p\u00e8re peindre des tableaux \u00e0 l&rsquo;huile dans son atelier am\u00e9nag\u00e9 dans notre grenier.<\/p>\n\n\n\n<p><\/p>\n\n\n\n<div class=\"wp-block-columns is-layout-flex wp-container-core-columns-is-layout-9d6595d7 wp-block-columns-is-layout-flex\">\n<div class=\"wp-block-column is-layout-flow wp-block-column-is-layout-flow\" style=\"flex-basis:33.33%\">\n<figure class=\"wp-block-image size-large\"><a href=\"https:\/\/www.romenadine.art\/wp-content\/uploads\/2022\/11\/reflets-apre\u0300s-la-pluie-scaled.jpg\" data-rel=\"lightbox-image-0\" data-rl_title=\"\" data-rl_caption=\"\" title=\"\"><img loading=\"lazy\" decoding=\"async\" width=\"1024\" height=\"812\" src=\"https:\/\/www.romenadine.art\/wp-content\/uploads\/2022\/11\/reflets-apre\u0300s-la-pluie-1024x812.jpg\" alt=\"\" class=\"wp-image-420\" srcset=\"https:\/\/www.romenadine.art\/wp-content\/uploads\/2022\/11\/reflets-apre\u0300s-la-pluie-1024x812.jpg 1024w, https:\/\/www.romenadine.art\/wp-content\/uploads\/2022\/11\/reflets-apre\u0300s-la-pluie-300x238.jpg 300w, https:\/\/www.romenadine.art\/wp-content\/uploads\/2022\/11\/reflets-apre\u0300s-la-pluie-768x609.jpg 768w, https:\/\/www.romenadine.art\/wp-content\/uploads\/2022\/11\/reflets-apre\u0300s-la-pluie-1536x1218.jpg 1536w, https:\/\/www.romenadine.art\/wp-content\/uploads\/2022\/11\/reflets-apre\u0300s-la-pluie-2048x1624.jpg 2048w\" sizes=\"auto, (max-width: 1024px) 100vw, 1024px\" \/><\/a><figcaption class=\"wp-element-caption\"><strong>peinture au couteau<\/strong><\/figcaption><\/figure>\n<\/div>\n\n\n\n<div class=\"wp-block-column is-layout-flow wp-block-column-is-layout-flow\" style=\"flex-basis:66.66%\">\n<h2 class=\"wp-block-heading has-text-align-center\"><strong>reflets dans la ville<\/strong><\/h2>\n\n\n\n<p class=\"has-text-align-center\"><strong>peinture \u00e0 l huile au couteau<\/strong><\/p>\n<\/div>\n<\/div>\n\n\n\n<div class=\"wp-block-columns is-layout-flex wp-container-core-columns-is-layout-9d6595d7 wp-block-columns-is-layout-flex\">\n<div class=\"wp-block-column is-layout-flow wp-block-column-is-layout-flow\">\n<h2 class=\"wp-block-heading\">le vieux portail<\/h2>\n\n\n\n<p><\/p>\n<\/div>\n\n\n\n<div class=\"wp-block-column is-layout-flow wp-block-column-is-layout-flow\">\n<figure class=\"wp-block-image size-large\"><img loading=\"lazy\" decoding=\"async\" width=\"835\" height=\"1024\" src=\"https:\/\/www.romenadine.art\/wp-content\/uploads\/2022\/11\/2019-835x1024.jpg\" alt=\"\" class=\"wp-image-419\" srcset=\"https:\/\/www.romenadine.art\/wp-content\/uploads\/2022\/11\/2019-835x1024.jpg 835w, https:\/\/www.romenadine.art\/wp-content\/uploads\/2022\/11\/2019-245x300.jpg 245w, https:\/\/www.romenadine.art\/wp-content\/uploads\/2022\/11\/2019-768x942.jpg 768w, https:\/\/www.romenadine.art\/wp-content\/uploads\/2022\/11\/2019-1252x1536.jpg 1252w, https:\/\/www.romenadine.art\/wp-content\/uploads\/2022\/11\/2019.jpg 1270w\" sizes=\"auto, (max-width: 835px) 100vw, 835px\" \/><figcaption class=\"wp-element-caption\"><strong>le portail<\/strong><\/figcaption><\/figure>\n<\/div>\n<\/div>\n","protected":false},"excerpt":{"rendered":"<p>Je suis n\u00e9 en normandie le 20 septembre 1953 J&rsquo;ai tr\u00e8s t\u00f4t aim\u00e9 dessiner, surtout les portraits. J&rsquo;aimais regarder mon p\u00e8re peindre des tableaux \u00e0 l&rsquo;huile dans son atelier am\u00e9nag\u00e9 [&hellip;]<\/p>\n","protected":false},"author":2,"featured_media":0,"parent":0,"menu_order":0,"comment_status":"closed","ping_status":"closed","template":"","meta":{"footnotes":""},"class_list":["post-447","page","type-page","status-publish","hentry"],"_links":{"self":[{"href":"https:\/\/www.romenadine.art\/index.php\/wp-json\/wp\/v2\/pages\/447","targetHints":{"allow":["GET"]}}],"collection":[{"href":"https:\/\/www.romenadine.art\/index.php\/wp-json\/wp\/v2\/pages"}],"about":[{"href":"https:\/\/www.romenadine.art\/index.php\/wp-json\/wp\/v2\/types\/page"}],"author":[{"embeddable":true,"href":"https:\/\/www.romenadine.art\/index.php\/wp-json\/wp\/v2\/users\/2"}],"replies":[{"embeddable":true,"href":"https:\/\/www.romenadine.art\/index.php\/wp-json\/wp\/v2\/comments?post=447"}],"version-history":[{"count":7,"href":"https:\/\/www.romenadine.art\/index.php\/wp-json\/wp\/v2\/pages\/447\/revisions"}],"predecessor-version":[{"id":465,"href":"https:\/\/www.romenadine.art\/index.php\/wp-json\/wp\/v2\/pages\/447\/revisions\/465"}],"wp:attachment":[{"href":"https:\/\/www.romenadine.art\/index.php\/wp-json\/wp\/v2\/media?parent=447"}],"curies":[{"name":"wp","href":"https:\/\/api.w.org\/{rel}","templated":true}]}}